{"id":1912,"date":"2023-05-05T22:48:36","date_gmt":"2023-05-05T22:48:36","guid":{"rendered":"https:\/\/tplabs.co\/congin\/?page_id=1912"},"modified":"2024-05-28T16:23:41","modified_gmt":"2024-05-28T16:23:41","slug":"a-propos","status":"publish","type":"page","link":"https:\/\/ecsen.sn\/fr\/a-propos\/","title":{"rendered":"A Propos"},"content":{"rendered":"<div data-elementor-type=\"wp-page\" data-elementor-id=\"1912\" class=\"elementor elementor-1912\">\n\t\t\t\t\t\t<section class=\"elementor-section elementor-top-section elementor-element elementor-element-a995223 elementor-section-full_width elementor-section-stretched elementor-section-height-default elementor-section-height-default\" data-id=\"a995223\" data-element_type=\"section\" data-settings=\"{&quot;stretch_section&quot;:&quot;section-stretched&quot;}\">\n\t\t\t\t\t\t<div class=\"elementor-container elementor-column-gap-no\">\n\t\t\t\t\t<div class=\"elementor-column elementor-col-100 elementor-top-column elementor-element elementor-element-1b1ea48\" data-id=\"1b1ea48\" data-element_type=\"column\">\n\t\t\t<div class=\"elementor-widget-wrap elementor-element-populated\">\n\t\t\t\t\t\t<div class=\"elementor-element elementor-element-276a8b2 elementor-widget__width-initial elementor-absolute image-width-full elementor-widget elementor-widget-mae-gallery-stack\" data-id=\"276a8b2\" data-element_type=\"widget\" data-settings=\"{&quot;_position&quot;:&quot;absolute&quot;}\" data-widget_type=\"mae-gallery-stack.default\">\n\t\t\t\t<div class=\"elementor-widget-container\">\n\t\t\t\t\t\t\t<div class=\"master-gallery-stack\">\n\t\t\t<div class=\"master-fancy-image elementor-repeater-item-79ce365\" data-top=\"0px\" data-calcheight=\"no\">\n\t\t\t\t\t\t\t\t\t\t<div class=\"image-wrap\"><img fetchpriority=\"high\" decoding=\"async\" width=\"842\" height=\"595\" src=\"https:\/\/ecsen.sn\/wp-content\/uploads\/2023\/05\/gear-canvas.svg\" class=\"attachment-full size-full\" alt=\"\" \/><\/div>\n\t\t\t\t\t\t\t\t\t<\/div>\t\t<\/div>\n\t    \t\t\t\t<\/div>\n\t\t\t\t<\/div>\n\t\t\t\t<div class=\"elementor-element elementor-element-86b9177 elementor-widget elementor-widget-spacer\" data-id=\"86b9177\" data-element_type=\"widget\" data-widget_type=\"spacer.default\">\n\t\t\t\t<div class=\"elementor-widget-container\">\n\t\t\t\t\t\t\t<div class=\"elementor-spacer\">\n\t\t\t<div class=\"elementor-spacer-inner\"><\/div>\n\t\t<\/div>\n\t\t\t\t\t\t<\/div>\n\t\t\t\t<\/div>\n\t\t\t\t<section class=\"elementor-section elementor-inner-section elementor-element elementor-element-452139c elementor-section-boxed elementor-section-height-default elementor-section-height-default\" data-id=\"452139c\" data-element_type=\"section\">\n\t\t\t\t\t\t<div class=\"elementor-container elementor-column-gap-default\">\n\t\t\t\t\t<div class=\"elementor-column elementor-col-50 elementor-inner-column elementor-element elementor-element-1130e3a\" data-id=\"1130e3a\" data-element_type=\"column\">\n\t\t\t<div class=\"elementor-widget-wrap elementor-element-populated\">\n\t\t\t\t\t\t<div class=\"elementor-element elementor-element-3adefc1 heading-default elementor-widget elementor-widget-mae-headings\" data-id=\"3adefc1\" data-element_type=\"widget\" data-widget_type=\"mae-headings.default\">\n\t\t\t\t<div class=\"elementor-widget-container\">\n\t\t\t\t\t\t\t<div class=\"master-heading sep-none\">\n\t\t\t\n\t        \t        \t<div class=\"pre-heading\">\n\t\t\t\t\t\n\t\t\t\t<span class=\"line\"><span class=\"inner\"><\/span><\/span><span class=\"accent-color\">\/<\/span> \u00c0 Propos d'ECSEN <\/div>\n\t        \n\t        \n\t        \t        <h2 class=\"main-heading\">Un partenaire s\u00fbr, efficace et fiable<\/h2>\n\t        \n\t        \n\t        \t            <div class=\"sub-heading\"><p align=\"justify\">\nLe groupe CSE s\u2019est dot\u00e9 d\u2019une nouvelle filiale d\u00e9di\u00e9e aux m\u00e9tiers de l\u2019Oil &amp; Gas : ECSEN. La premier objectif de ECSEN est de favoriser le transfert de comp\u00e9tences par une collaboration multilat\u00e9rale. Cette nouvelle filiale de la CSE a \u00e9t\u00e9 cr\u00e9\u00e9 pour r\u00e9pondre aux besoins des diff\u00e9rents acteurs intervenants onshore et offshore dans le bassin MSBGC (Mauritanie \u2013 S\u00e9n\u00e9gal \u2013 Gambie \u2013 Bissau \u2013 Conakry) dans le respect des conventions internationales qui sont rigoureusement appliqu\u00e9es au S\u00e9n\u00e9gal.<br> <br>\n\nCompte tenu de l'\u00e9volution du secteur p\u00e9trolier et gazier au S\u00e9n\u00e9gal et des besoins anticip\u00e9s des op\u00e9rateurs et autres parties prenantes du pays, l'ECSEN a \u00e9t\u00e9 cr\u00e9\u00e9 pour r\u00e9pondre aux besoins de ces diff\u00e9rents acteurs, tant \u00e0 terre qu'en mer, pour les d\u00e9cennies \u00e0 venir, tout en respectant leurs exigences en mati\u00e8re de qualit\u00e9.<\/div>\n\t        \t    <\/div>\n\t    \t\t\t\t<\/div>\n\t\t\t\t<\/div>\n\t\t\t\t\t<\/div>\n\t\t<\/div>\n\t\t\t\t<div class=\"elementor-column elementor-col-50 elementor-inner-column elementor-element elementor-element-494e1f1\" data-id=\"494e1f1\" data-element_type=\"column\">\n\t\t\t<div class=\"elementor-widget-wrap elementor-element-populated\">\n\t\t\t\t\t\t<div class=\"elementor-element elementor-element-99ff739 image-width-full elementor-widget elementor-widget-mae-gallery-stack\" data-id=\"99ff739\" data-element_type=\"widget\" data-widget_type=\"mae-gallery-stack.default\">\n\t\t\t\t<div class=\"elementor-widget-container\">\n\t\t\t\t\t\t\t<div class=\"master-gallery-stack\">\n\t\t\t<div class=\"master-fancy-image master-animation elementor-repeater-item-766c66e\" data-top=\"0px\" data-animation=\"reveal revealTop2\" data-calcheight=\"no\">\n\t\t\t\t\t\t\t\t\t<div class=\"image-wrap\"><img decoding=\"async\" width=\"1021\" height=\"1088\" src=\"https:\/\/i0.wp.com\/ecsen.sn\/wp-content\/uploads\/2024\/05\/fancy-ECSEN-1.jpg?fit=1021%2C1088&amp;ssl=1\" class=\"attachment-full size-full\" alt=\"\" srcset=\"https:\/\/i0.wp.com\/ecsen.sn\/wp-content\/uploads\/2024\/05\/fancy-ECSEN-1.jpg?w=1021&amp;ssl=1 1021w, https:\/\/i0.wp.com\/ecsen.sn\/wp-content\/uploads\/2024\/05\/fancy-ECSEN-1.jpg?resize=600%2C639&amp;ssl=1 600w, https:\/\/i0.wp.com\/ecsen.sn\/wp-content\/uploads\/2024\/05\/fancy-ECSEN-1.jpg?resize=282%2C300&amp;ssl=1 282w, https:\/\/i0.wp.com\/ecsen.sn\/wp-content\/uploads\/2024\/05\/fancy-ECSEN-1.jpg?resize=961%2C1024&amp;ssl=1 961w, https:\/\/i0.wp.com\/ecsen.sn\/wp-content\/uploads\/2024\/05\/fancy-ECSEN-1.jpg?resize=768%2C818&amp;ssl=1 768w\" sizes=\"(max-width: 1021px) 100vw, 1021px\" \/><\/div>\n\t\t\t\t\t\t\t\t<\/div><div class=\"master-fancy-image master-animation elementor-repeater-item-71bc0c5\" data-top=\"0px\" data-animation=\"reveal revealTop2\" data-calcheight=\"no\">\n\t\t\t\t\t\t\t\t\t<div class=\"image-wrap\"><img decoding=\"async\" width=\"725\" height=\"671\" src=\"https:\/\/i0.wp.com\/ecsen.sn\/wp-content\/uploads\/2024\/05\/fancy-ECSEN-2-1.jpg?fit=725%2C671&amp;ssl=1\" class=\"attachment-full size-full\" alt=\"\" srcset=\"https:\/\/i0.wp.com\/ecsen.sn\/wp-content\/uploads\/2024\/05\/fancy-ECSEN-2-1.jpg?w=725&amp;ssl=1 725w, https:\/\/i0.wp.com\/ecsen.sn\/wp-content\/uploads\/2024\/05\/fancy-ECSEN-2-1.jpg?resize=600%2C555&amp;ssl=1 600w, https:\/\/i0.wp.com\/ecsen.sn\/wp-content\/uploads\/2024\/05\/fancy-ECSEN-2-1.jpg?resize=300%2C278&amp;ssl=1 300w\" sizes=\"(max-width: 725px) 100vw, 725px\" \/><\/div>\n\t\t\t\t\t\t\t\t<\/div><div class=\"master-shape master-animation elementor-repeater-item-477cd97\" data-animation=\"zoomInSmall\" data-calcheight=\"no\"><\/div><div class=\"master-shape master-animation elementor-repeater-item-4e4d2f6\" data-animation=\"zoomInSmall\" data-calcheight=\"no\"><\/div>\t\t<\/div>\n\t    \t\t\t\t<\/div>\n\t\t\t\t<\/div>\n\t\t\t\t<div class=\"elementor-element elementor-element-4e5e613 elementor-widget elementor-widget-spacer\" data-id=\"4e5e613\" data-element_type=\"widget\" data-widget_type=\"spacer.default\">\n\t\t\t\t<div class=\"elementor-widget-container\">\n\t\t\t\t\t\t\t<div class=\"elementor-spacer\">\n\t\t\t<div class=\"elementor-spacer-inner\"><\/div>\n\t\t<\/div>\n\t\t\t\t\t\t<\/div>\n\t\t\t\t<\/div>\n\t\t\t\t\t<\/div>\n\t\t<\/div>\n\t\t\t\t\t<\/div>\n\t\t<\/section>\n\t\t\t\t<div class=\"elementor-element elementor-element-ad268cf elementor-widget elementor-widget-spacer\" data-id=\"ad268cf\" data-element_type=\"widget\" data-widget_type=\"spacer.default\">\n\t\t\t\t<div class=\"elementor-widget-container\">\n\t\t\t\t\t\t\t<div class=\"elementor-spacer\">\n\t\t\t<div class=\"elementor-spacer-inner\"><\/div>\n\t\t<\/div>\n\t\t\t\t\t\t<\/div>\n\t\t\t\t<\/div>\n\t\t\t\t\t<\/div>\n\t\t<\/div>\n\t\t\t\t\t<\/div>\n\t\t<\/section>\n\t\t\t\t<section class=\"elementor-section elementor-top-section elementor-element elementor-element-169a88c elementor-section-stretched elementor-section-boxed elementor-section-height-default elementor-section-height-default\" data-id=\"169a88c\" data-element_type=\"section\" data-settings=\"{&quot;stretch_section&quot;:&quot;section-stretched&quot;,&quot;background_background&quot;:&quot;classic&quot;}\">\n\t\t\t\t\t\t<div class=\"elementor-container elementor-column-gap-default\">\n\t\t\t\t\t<div class=\"elementor-column elementor-col-100 elementor-top-column elementor-element elementor-element-c5e9fd6\" data-id=\"c5e9fd6\" data-element_type=\"column\">\n\t\t\t<div class=\"elementor-widget-wrap elementor-element-populated\">\n\t\t\t\t\t\t<div class=\"elementor-element elementor-element-34de1bc elementor-widget elementor-widget-spacer\" data-id=\"34de1bc\" data-element_type=\"widget\" data-widget_type=\"spacer.default\">\n\t\t\t\t<div class=\"elementor-widget-container\">\n\t\t\t\t\t\t\t<div class=\"elementor-spacer\">\n\t\t\t<div class=\"elementor-spacer-inner\"><\/div>\n\t\t<\/div>\n\t\t\t\t\t\t<\/div>\n\t\t\t\t<\/div>\n\t\t\t\t<div class=\"elementor-element elementor-element-069df1e align-center heading-default elementor-widget elementor-widget-mae-headings\" data-id=\"069df1e\" data-element_type=\"widget\" data-widget_type=\"mae-headings.default\">\n\t\t\t\t<div class=\"elementor-widget-container\">\n\t\t\t\t\t\t\t<div class=\"master-heading sep-none\">\n\t\t\t\n\t        \n\t        \n\t        \t        <h2 class=\"main-heading\">Choisir ECSEN <br>C'est opter pour l'excellence<\/h2>\n\t        \n\t        \n\t        \t    <\/div>\n\t    \t\t\t\t<\/div>\n\t\t\t\t<\/div>\n\t\t\t\t<div class=\"elementor-element elementor-element-bcf4a51 align-center elementor-widget elementor-widget-mae-button\" data-id=\"bcf4a51\" data-element_type=\"widget\" data-widget_type=\"mae-button.default\">\n\t\t\t\t<div class=\"elementor-widget-container\">\n\t\t\t\t\t\n        \n        <a class=\"master-button btn-accent icon-none medium btn-hover-2\" href=\"https:\/\/ecsen.sn\/fr\/contact\/\" \n            >\n\n            <span class=\"inner\">\n                <span class=\"content-base\">\n                                        <span class=\"text\">Nous Contacter<\/span>\n                                    <\/span>\n\n                <span class=\"content-hover\">\n                                        <span class=\"text\">Nous Contacter<\/span>\n                                    <\/span>\n            <\/span>\n\n            <span class=\"bg-hover\"><\/span>        <\/a>\n\n        \t\t\t\t<\/div>\n\t\t\t\t<\/div>\n\t\t\t\t<div class=\"elementor-element elementor-element-c85adee elementor-widget elementor-widget-spacer\" data-id=\"c85adee\" data-element_type=\"widget\" data-widget_type=\"spacer.default\">\n\t\t\t\t<div class=\"elementor-widget-container\">\n\t\t\t\t\t\t\t<div class=\"elementor-spacer\">\n\t\t\t<div class=\"elementor-spacer-inner\"><\/div>\n\t\t<\/div>\n\t\t\t\t\t\t<\/div>\n\t\t\t\t<\/div>\n\t\t\t\t\t<\/div>\n\t\t<\/div>\n\t\t\t\t\t<\/div>\n\t\t<\/section>\n\t\t\t\t<section class=\"elementor-section elementor-top-section elementor-element elementor-element-ffbab8d elementor-section-boxed elementor-section-height-default elementor-section-height-default\" data-id=\"ffbab8d\" data-element_type=\"section\">\n\t\t\t\t\t\t<div class=\"elementor-container elementor-column-gap-default\">\n\t\t\t\t\t<div class=\"elementor-column elementor-col-100 elementor-top-column elementor-element elementor-element-8d0f585\" data-id=\"8d0f585\" data-element_type=\"column\">\n\t\t\t<div class=\"elementor-widget-wrap elementor-element-populated\">\n\t\t\t\t\t\t<div class=\"elementor-element elementor-element-d9f8135 elementor-widget elementor-widget-mae-fancy-image\" data-id=\"d9f8135\" data-element_type=\"widget\" data-widget_type=\"mae-fancy-image.default\">\n\t\t\t\t<div class=\"elementor-widget-container\">\n\t\t\t\t\t\t\t\t<div class=\"master-fancy-image\">\n\t\t\t\t<div class=\"image-wrap\">\n\t\t\t\t\t<img loading=\"lazy\" decoding=\"async\" width=\"1463\" height=\"687\" src=\"https:\/\/i0.wp.com\/ecsen.sn\/wp-content\/uploads\/2024\/05\/video-ECSEN.jpg?fit=1463%2C687&amp;ssl=1\" class=\"attachment-full size-full\" alt=\"\" srcset=\"https:\/\/i0.wp.com\/ecsen.sn\/wp-content\/uploads\/2024\/05\/video-ECSEN.jpg?w=1463&amp;ssl=1 1463w, https:\/\/i0.wp.com\/ecsen.sn\/wp-content\/uploads\/2024\/05\/video-ECSEN.jpg?resize=600%2C282&amp;ssl=1 600w, https:\/\/i0.wp.com\/ecsen.sn\/wp-content\/uploads\/2024\/05\/video-ECSEN.jpg?resize=300%2C141&amp;ssl=1 300w, https:\/\/i0.wp.com\/ecsen.sn\/wp-content\/uploads\/2024\/05\/video-ECSEN.jpg?resize=1024%2C481&amp;ssl=1 1024w, https:\/\/i0.wp.com\/ecsen.sn\/wp-content\/uploads\/2024\/05\/video-ECSEN.jpg?resize=768%2C361&amp;ssl=1 768w\" sizes=\"(max-width: 1170px) 100vw, 1170px\" \/>\n\t\t\t\t\t\t\t\t\t\t\t\t\t\t\t\t\t<div class=\"master-video-icon\">\n\t\t\t\t\t\t\t<div class=\"inner\">\n\t\t\t\t\t\t\t\t<a class=\"popup-video\" aria-label=\"video\" href=\"https:\/\/vimeo.com\/445378197\">\n\t\t\t\t\t\t\t\t\t<i class=\"ci-play-button\"><\/i>\n\t\t\t\t\t\t\t\t\t<span class=\"p p1\"><\/span>\n\t\t\t\t\t\t\t\t\t<span class=\"p p2\"><\/span>\n\t\t\t\t\t\t\t\t<\/a>\n\t\t\t\t\t\t\t<\/div>\n\t\t\t\t\t\t<\/div>\n\t\t\t\t\t\t\t\t\t<\/div>\n\t\t\t<\/div>\n\t\t\t\t\t\t<\/div>\n\t\t\t\t<\/div>\n\t\t\t\t\t<\/div>\n\t\t<\/div>\n\t\t\t\t\t<\/div>\n\t\t<\/section>\n\t\t\t\t<section class=\"elementor-section elementor-top-section elementor-element elementor-element-e8820df elementor-section-stretched elementor-section-boxed elementor-section-height-default elementor-section-height-default\" data-id=\"e8820df\" data-element_type=\"section\" data-settings=\"{&quot;stretch_section&quot;:&quot;section-stretched&quot;}\">\n\t\t\t\t\t\t<div class=\"elementor-container elementor-column-gap-default\">\n\t\t\t\t\t<div class=\"elementor-column elementor-col-100 elementor-top-column elementor-element elementor-element-7bde62d\" data-id=\"7bde62d\" data-element_type=\"column\">\n\t\t\t<div class=\"elementor-widget-wrap elementor-element-populated\">\n\t\t\t\t\t\t<div class=\"elementor-element elementor-element-1805571 elementor-widget elementor-widget-spacer\" data-id=\"1805571\" data-element_type=\"widget\" data-widget_type=\"spacer.default\">\n\t\t\t\t<div class=\"elementor-widget-container\">\n\t\t\t\t\t\t\t<div class=\"elementor-spacer\">\n\t\t\t<div class=\"elementor-spacer-inner\"><\/div>\n\t\t<\/div>\n\t\t\t\t\t\t<\/div>\n\t\t\t\t<\/div>\n\t\t\t\t<div class=\"elementor-element elementor-element-07718ec align-center heading-default elementor-widget elementor-widget-mae-headings\" data-id=\"07718ec\" data-element_type=\"widget\" data-widget_type=\"mae-headings.default\">\n\t\t\t\t<div class=\"elementor-widget-container\">\n\t\t\t\t\t\t\t<div class=\"master-heading sep-none\">\n\t\t\t\n\t        \t        \t<div class=\"pre-heading\">\n\t\t\t\t\t\n\t\t\t\t<span class=\"line\"><span class=\"inner\"><\/span><\/span><span class=\"accent-color\">\/<\/span>TOP management <\/div>\n\t        \n\t        \n\t        \t        <h2 class=\"main-heading\">Notre \u00e9quipe d'experts <br>est \u00e0 votre service<\/h2>\n\t        \n\t        \n\t        \t    <\/div>\n\t    \t\t\t\t<\/div>\n\t\t\t\t<\/div>\n\t\t\t\t<div class=\"elementor-element elementor-element-fc52c5c elementor-widget elementor-widget-spacer\" data-id=\"fc52c5c\" data-element_type=\"widget\" data-widget_type=\"spacer.default\">\n\t\t\t\t<div class=\"elementor-widget-container\">\n\t\t\t\t\t\t\t<div class=\"elementor-spacer\">\n\t\t\t<div class=\"elementor-spacer-inner\"><\/div>\n\t\t<\/div>\n\t\t\t\t\t\t<\/div>\n\t\t\t\t<\/div>\n\t\t\t\t<div class=\"elementor-element elementor-element-62d75f3 is-slide-fade team-style-1 arrows-false elementor-widget elementor-widget-mae-team-carousel\" data-id=\"62d75f3\" data-element_type=\"widget\" data-widget_type=\"mae-team-carousel.default\">\n\t\t\t\t<div class=\"elementor-widget-container\">\n\t\t\t\t\t\n        <div class=\"master-carousel-box\" data-config='{\"column\":\"\",\"columnTablet\":2,\"columnMobile\":1,\"gap\":\"\",\"arrowPosition\":null,\"arrowMiddleOffset\":null,\"arrowTopOffset\":null,\"stretch\":\"no\",\"autoPlay\":true,\"prevNextButtons\":false,\"pageDots\":false,\"activeIndex\":2}'>\n                            <div class=\"master-team item-carousel\">\n                    <div class=\"inner\">\n                        <div class=\"image-wrap\">\n                            <div class=\"avatar\"><a class=\"thumb\" aria-label=\"avatar\" href=\"#\"><span class=\"inner\"><img loading=\"lazy\" decoding=\"async\" width=\"771\" height=\"815\" src=\"https:\/\/i0.wp.com\/ecsen.sn\/wp-content\/uploads\/2024\/05\/member-1.jpg?fit=771%2C815&amp;ssl=1\" class=\"attachment-full size-full\" alt=\"\" srcset=\"https:\/\/i0.wp.com\/ecsen.sn\/wp-content\/uploads\/2024\/05\/member-1.jpg?w=771&amp;ssl=1 771w, https:\/\/i0.wp.com\/ecsen.sn\/wp-content\/uploads\/2024\/05\/member-1.jpg?resize=600%2C634&amp;ssl=1 600w, https:\/\/i0.wp.com\/ecsen.sn\/wp-content\/uploads\/2024\/05\/member-1.jpg?resize=284%2C300&amp;ssl=1 284w, https:\/\/i0.wp.com\/ecsen.sn\/wp-content\/uploads\/2024\/05\/member-1.jpg?resize=768%2C812&amp;ssl=1 768w\" sizes=\"(max-width: 771px) 100vw, 771px\" \/><\/span><\/a><\/div>                        <\/div>\n\n                        <div class=\"content-wrap\">\n                            <div class=\"socials\"><span class=\"btn\"><\/span><div class=\"socials-wrap\"><a aria-label=\"icon\" href=\"https:\/\/www.linkedin.com\/company\/ecsenoilandgas\/\"><i aria-hidden=\"true\" class=\"ci ci-linkedin\"><\/i><\/a><a aria-label=\"icon\" href=\"https:\/\/www.youtube.com\/@groupecse6774\"><i aria-hidden=\"true\" class=\"ci ci-youtube1\"><\/i><\/a><a aria-label=\"icon\" href=\"https:\/\/www.facebook.com\/EcsenOilandGas\"><i aria-hidden=\"true\" class=\"ci ci-facebook\"><\/i><\/a><\/div><\/div>                            <div class=\"name-role-info\">\n                                <h3 class=\"team-name\"><a href=\"#\">Oumar SOW<\/a><\/h3><span class=\"team-role\">Pr\u00e9sident directeur g\u00e9n\u00e9ral<\/span>                            <\/div>\n                        <\/div>\n                    <\/div>\n                <\/div>\n                            <div class=\"master-team item-carousel\">\n                    <div class=\"inner\">\n                        <div class=\"image-wrap\">\n                            <div class=\"avatar\"><a class=\"thumb\" aria-label=\"avatar\" href=\"#\"><span class=\"inner\"><img loading=\"lazy\" decoding=\"async\" width=\"1541\" height=\"1629\" src=\"https:\/\/i0.wp.com\/ecsen.sn\/wp-content\/uploads\/2024\/05\/member-2.jpg?fit=1541%2C1629&amp;ssl=1\" class=\"attachment-full size-full\" alt=\"\" srcset=\"https:\/\/i0.wp.com\/ecsen.sn\/wp-content\/uploads\/2024\/05\/member-2.jpg?w=1541&amp;ssl=1 1541w, https:\/\/i0.wp.com\/ecsen.sn\/wp-content\/uploads\/2024\/05\/member-2.jpg?resize=600%2C634&amp;ssl=1 600w, https:\/\/i0.wp.com\/ecsen.sn\/wp-content\/uploads\/2024\/05\/member-2.jpg?resize=284%2C300&amp;ssl=1 284w, https:\/\/i0.wp.com\/ecsen.sn\/wp-content\/uploads\/2024\/05\/member-2.jpg?resize=969%2C1024&amp;ssl=1 969w, https:\/\/i0.wp.com\/ecsen.sn\/wp-content\/uploads\/2024\/05\/member-2.jpg?resize=768%2C812&amp;ssl=1 768w, https:\/\/i0.wp.com\/ecsen.sn\/wp-content\/uploads\/2024\/05\/member-2.jpg?resize=1453%2C1536&amp;ssl=1 1453w\" sizes=\"(max-width: 1170px) 100vw, 1170px\" \/><\/span><\/a><\/div>                        <\/div>\n\n                        <div class=\"content-wrap\">\n                            <div class=\"socials\"><span class=\"btn\"><\/span><div class=\"socials-wrap\"><a aria-label=\"icon\" href=\"https:\/\/www.linkedin.com\/company\/ecsenoilandgas\/\"><i aria-hidden=\"true\" class=\"ci ci-linkedin\"><\/i><\/a><a aria-label=\"icon\" href=\"https:\/\/www.youtube.com\/@groupecse6774\"><i aria-hidden=\"true\" class=\"ci ci-youtube1\"><\/i><\/a><a aria-label=\"icon\" href=\"https:\/\/www.facebook.com\/EcsenOilandGas\"><i aria-hidden=\"true\" class=\"ci ci-facebook\"><\/i><\/a><\/div><\/div>                            <div class=\"name-role-info\">\n                                <h3 class=\"team-name\"><a href=\"#\">Tahirou DIAGNE<\/a><\/h3><span class=\"team-role\">Directeur g\u00e9n\u00e9ral<\/span>                            <\/div>\n                        <\/div>\n                    <\/div>\n                <\/div>\n                            <div class=\"master-team item-carousel\">\n                    <div class=\"inner\">\n                        <div class=\"image-wrap\">\n                            <div class=\"avatar\"><a class=\"thumb\" aria-label=\"avatar\" href=\"#\"><span class=\"inner\"><img loading=\"lazy\" decoding=\"async\" width=\"1541\" height=\"1629\" src=\"https:\/\/i0.wp.com\/ecsen.sn\/wp-content\/uploads\/2024\/05\/member-3.jpg?fit=1541%2C1629&amp;ssl=1\" class=\"attachment-full size-full\" alt=\"\" srcset=\"https:\/\/i0.wp.com\/ecsen.sn\/wp-content\/uploads\/2024\/05\/member-3.jpg?w=1541&amp;ssl=1 1541w, https:\/\/i0.wp.com\/ecsen.sn\/wp-content\/uploads\/2024\/05\/member-3.jpg?resize=600%2C634&amp;ssl=1 600w, https:\/\/i0.wp.com\/ecsen.sn\/wp-content\/uploads\/2024\/05\/member-3.jpg?resize=284%2C300&amp;ssl=1 284w, https:\/\/i0.wp.com\/ecsen.sn\/wp-content\/uploads\/2024\/05\/member-3.jpg?resize=969%2C1024&amp;ssl=1 969w, https:\/\/i0.wp.com\/ecsen.sn\/wp-content\/uploads\/2024\/05\/member-3.jpg?resize=768%2C812&amp;ssl=1 768w, https:\/\/i0.wp.com\/ecsen.sn\/wp-content\/uploads\/2024\/05\/member-3.jpg?resize=1453%2C1536&amp;ssl=1 1453w\" sizes=\"(max-width: 1170px) 100vw, 1170px\" \/><\/span><\/a><\/div>                        <\/div>\n\n                        <div class=\"content-wrap\">\n                            <div class=\"socials\"><span class=\"btn\"><\/span><div class=\"socials-wrap\"><a aria-label=\"icon\" href=\"https:\/\/www.linkedin.com\/company\/ecsenoilandgas\/\"><i aria-hidden=\"true\" class=\"ci ci-linkedin\"><\/i><\/a><a aria-label=\"icon\" href=\"https:\/\/www.youtube.com\/@groupecse6774\"><i aria-hidden=\"true\" class=\"ci ci-youtube1\"><\/i><\/a><a aria-label=\"icon\" href=\"https:\/\/www.facebook.com\/EcsenOilandGas\"><i aria-hidden=\"true\" class=\"ci ci-facebook\"><\/i><\/a><\/div><\/div>                            <div class=\"name-role-info\">\n                                <h3 class=\"team-name\"><a href=\"#\">Fatou Bintou BA<\/a><\/h3><span class=\"team-role\">Directrice des op\u00e9rations<\/span>                            <\/div>\n                        <\/div>\n                    <\/div>\n                <\/div>\n                    <\/div>\n\n        \t\t\t\t<\/div>\n\t\t\t\t<\/div>\n\t\t\t\t<div class=\"elementor-element elementor-element-2838822 elementor-widget elementor-widget-spacer\" data-id=\"2838822\" data-element_type=\"widget\" data-widget_type=\"spacer.default\">\n\t\t\t\t<div class=\"elementor-widget-container\">\n\t\t\t\t\t\t\t<div class=\"elementor-spacer\">\n\t\t\t<div class=\"elementor-spacer-inner\"><\/div>\n\t\t<\/div>\n\t\t\t\t\t\t<\/div>\n\t\t\t\t<\/div>\n\t\t\t\t\t<\/div>\n\t\t<\/div>\n\t\t\t\t\t<\/div>\n\t\t<\/section>\n\t\t\t\t<\/div>","protected":false},"excerpt":{"rendered":"<p>\/ About Ecsen A Safe, Efficient and Reliable Partner The CSE Group has created a new subsidiary dedicated to the Oil &#038; Gas sector: ECSEN. ECSEN&#8217;s primary objective is to promote skills transfer through multilateral collaboration. This new CSE subsidiary has been created to meet the needs of the various<\/p>","protected":false},"author":1,"featured_media":0,"parent":0,"menu_order":0,"comment_status":"closed","ping_status":"closed","template":"","meta":{"inline_featured_image":false,"footnotes":""},"class_list":["post-1912","page","type-page","status-publish","hentry"],"aioseo_notices":[],"jetpack-related-posts":[],"jetpack_sharing_enabled":true,"_links":{"self":[{"href":"https:\/\/ecsen.sn\/fr\/wp-json\/wp\/v2\/pages\/1912","targetHints":{"allow":["GET"]}}],"collection":[{"href":"https:\/\/ecsen.sn\/fr\/wp-json\/wp\/v2\/pages"}],"about":[{"href":"https:\/\/ecsen.sn\/fr\/wp-json\/wp\/v2\/types\/page"}],"author":[{"embeddable":true,"href":"https:\/\/ecsen.sn\/fr\/wp-json\/wp\/v2\/users\/1"}],"replies":[{"embeddable":true,"href":"https:\/\/ecsen.sn\/fr\/wp-json\/wp\/v2\/comments?post=1912"}],"version-history":[{"count":76,"href":"https:\/\/ecsen.sn\/fr\/wp-json\/wp\/v2\/pages\/1912\/revisions"}],"predecessor-version":[{"id":5516,"href":"https:\/\/ecsen.sn\/fr\/wp-json\/wp\/v2\/pages\/1912\/revisions\/5516"}],"wp:attachment":[{"href":"https:\/\/ecsen.sn\/fr\/wp-json\/wp\/v2\/media?parent=1912"}],"curies":[{"name":"wp","href":"https:\/\/api.w.org\/{rel}","templated":true}]}}