{"id":1693,"date":"2023-05-05T16:37:18","date_gmt":"2023-05-05T16:37:18","guid":{"rendered":"https:\/\/tplabs.co\/congin\/?page_id=1693"},"modified":"2024-05-16T18:55:25","modified_gmt":"2024-05-16T18:55:25","slug":"actualites","status":"publish","type":"page","link":"https:\/\/ecsen.sn\/fr\/actualites\/","title":{"rendered":"Actualit\u00e9s"},"content":{"rendered":"<div data-elementor-type=\"wp-page\" data-elementor-id=\"1693\" class=\"elementor elementor-1693\">\n\t\t\t\t\t\t<section class=\"elementor-section elementor-top-section elementor-element elementor-element-88765c1 elementor-section-stretched elementor-section-boxed elementor-section-height-default elementor-section-height-default\" data-id=\"88765c1\" data-element_type=\"section\" data-settings=\"{&quot;stretch_section&quot;:&quot;section-stretched&quot;}\">\n\t\t\t\t\t\t<div class=\"elementor-container elementor-column-gap-default\">\n\t\t\t\t\t<div class=\"elementor-column elementor-col-100 elementor-top-column elementor-element elementor-element-f42770a\" data-id=\"f42770a\" data-element_type=\"column\">\n\t\t\t<div class=\"elementor-widget-wrap elementor-element-populated\">\n\t\t\t\t\t\t<div class=\"elementor-element elementor-element-0d438d5 elementor-widget elementor-widget-spacer\" data-id=\"0d438d5\" data-element_type=\"widget\" data-widget_type=\"spacer.default\">\n\t\t\t\t<div class=\"elementor-widget-container\">\n\t\t\t\t\t\t\t<div class=\"elementor-spacer\">\n\t\t\t<div class=\"elementor-spacer-inner\"><\/div>\n\t\t<\/div>\n\t\t\t\t\t\t<\/div>\n\t\t\t\t<\/div>\n\t\t\t\t<div class=\"elementor-element elementor-element-3bef219 news-style-1 elementor-widget elementor-widget-mae-news-grid\" data-id=\"3bef219\" data-element_type=\"widget\" data-widget_type=\"mae-news-grid.default\">\n\t\t\t\t<div class=\"elementor-widget-container\">\n\t\t\t\t\t\n        <div class=\"master-portfolio\" data-config='{\"columns\":3,\"columnsTablet\":2,\"columnsMobile\":1,\"gapHorizontal\":50,\"gapVertical\":30,\"layoutMode\":\"grid\"}'>\n            <div class=\"galleries cbp\">\n                                    \n                        <div class=\"master-news cbp-item\">\n                            <div class=\"image-wrap\"><a class=\"thumb\" href=\"https:\/\/ecsen.sn\/fr\/2022\/12\/20\/contenu-local-dans-le-secteur-des-hydrocarbures\/\" aria-label=\"Local content in the hydrocarbons sector\"><span class=\"inner\"><img fetchpriority=\"high\" decoding=\"async\" width=\"370\" height=\"250\" src=\"https:\/\/i0.wp.com\/ecsen.sn\/wp-content\/uploads\/2024\/05\/Contenu-local-dans-le-secteur-des-hydrocarbures-.jpeg?resize=370%2C250&amp;ssl=1\" class=\"attachment-mae-news size-mae-news wp-post-image\" alt=\"\" srcset=\"https:\/\/i0.wp.com\/ecsen.sn\/wp-content\/uploads\/2024\/05\/Contenu-local-dans-le-secteur-des-hydrocarbures-.jpeg?resize=370%2C250&amp;ssl=1 370w, https:\/\/i0.wp.com\/ecsen.sn\/wp-content\/uploads\/2024\/05\/Contenu-local-dans-le-secteur-des-hydrocarbures-.jpeg?zoom=2&amp;resize=370%2C250&amp;ssl=1 740w\" sizes=\"(max-width: 370px) 100vw, 370px\" \/><\/span><\/a><\/div><div class=\"content-wrap\"><span class=\"post-date default\"><span class=\"day\">20<\/span><span class=\"month\">D\u00e9c<\/span><\/span><div class=\"post-meta\"><span class=\"post-date item\">20, d\u00e9cembre<\/span><\/div><h3 class=\"headline-2\"><a href=\"https:\/\/ecsen.sn\/fr\/2022\/12\/20\/contenu-local-dans-le-secteur-des-hydrocarbures\/\">Local content in the hydrocarbons sector<\/a><\/h3><div class=\"sep\"><\/div><\/div>\n                        <\/div>\n                    \n                        <div class=\"master-news cbp-item\">\n                            <div class=\"image-wrap\"><a class=\"thumb\" href=\"https:\/\/ecsen.sn\/fr\/2022\/11\/25\/oumar-sow-le-sens-du-devoir-en-heritage\/\" aria-label=\"Oumar Sow, a legacy of duty\"><span class=\"inner\"><img decoding=\"async\" width=\"370\" height=\"250\" src=\"https:\/\/i0.wp.com\/ecsen.sn\/wp-content\/uploads\/2024\/05\/Oumar-Sow-le-sens-du-devoir-en-heritage-.jpeg?resize=370%2C250&amp;ssl=1\" class=\"attachment-mae-news size-mae-news wp-post-image\" alt=\"\" srcset=\"https:\/\/i0.wp.com\/ecsen.sn\/wp-content\/uploads\/2024\/05\/Oumar-Sow-le-sens-du-devoir-en-heritage-.jpeg?resize=370%2C250&amp;ssl=1 370w, https:\/\/i0.wp.com\/ecsen.sn\/wp-content\/uploads\/2024\/05\/Oumar-Sow-le-sens-du-devoir-en-heritage-.jpeg?zoom=2&amp;resize=370%2C250&amp;ssl=1 740w, https:\/\/i0.wp.com\/ecsen.sn\/wp-content\/uploads\/2024\/05\/Oumar-Sow-le-sens-du-devoir-en-heritage-.jpeg?zoom=3&amp;resize=370%2C250&amp;ssl=1 1110w\" sizes=\"(max-width: 370px) 100vw, 370px\" \/><\/span><\/a><\/div><div class=\"content-wrap\"><span class=\"post-date default\"><span class=\"day\">25<\/span><span class=\"month\">Nov<\/span><\/span><div class=\"post-meta\"><span class=\"post-date item\">25, novembre<\/span><\/div><h3 class=\"headline-2\"><a href=\"https:\/\/ecsen.sn\/fr\/2022\/11\/25\/oumar-sow-le-sens-du-devoir-en-heritage\/\">Oumar Sow, a legacy of duty<\/a><\/h3><div class=\"sep\"><\/div><\/div>\n                        <\/div>\n                    \n                        <div class=\"master-news cbp-item\">\n                            <div class=\"image-wrap\"><a class=\"thumb\" href=\"https:\/\/ecsen.sn\/fr\/2020\/10\/23\/lancement-ecsen-cse-met-sa-filiale-en-orbite-pour-les-exploitations-petrolieres-et-gazieres\/\" aria-label=\"ECSEN launch : CSE launches its oil and gas subsidiary into orbit\"><span class=\"inner\"><img decoding=\"async\" width=\"370\" height=\"250\" src=\"https:\/\/i0.wp.com\/ecsen.sn\/wp-content\/uploads\/2024\/05\/Lancement-ECSEN-CSE-met-sa-filiale-en-orbite-pour-les-exploitations-petrolieres-et-gazieres.jpeg?resize=370%2C250&amp;ssl=1\" class=\"attachment-mae-news size-mae-news wp-post-image\" alt=\"\" srcset=\"https:\/\/i0.wp.com\/ecsen.sn\/wp-content\/uploads\/2024\/05\/Lancement-ECSEN-CSE-met-sa-filiale-en-orbite-pour-les-exploitations-petrolieres-et-gazieres.jpeg?resize=370%2C250&amp;ssl=1 370w, https:\/\/i0.wp.com\/ecsen.sn\/wp-content\/uploads\/2024\/05\/Lancement-ECSEN-CSE-met-sa-filiale-en-orbite-pour-les-exploitations-petrolieres-et-gazieres.jpeg?zoom=2&amp;resize=370%2C250&amp;ssl=1 740w\" sizes=\"(max-width: 370px) 100vw, 370px\" \/><\/span><\/a><\/div><div class=\"content-wrap\"><span class=\"post-date default\"><span class=\"day\">23<\/span><span class=\"month\">Oct<\/span><\/span><div class=\"post-meta\"><span class=\"post-date item\">23, octobre<\/span><\/div><h3 class=\"headline-2\"><a href=\"https:\/\/ecsen.sn\/fr\/2020\/10\/23\/lancement-ecsen-cse-met-sa-filiale-en-orbite-pour-les-exploitations-petrolieres-et-gazieres\/\">ECSEN launch : CSE launches its oil and gas subsidiary into orbit<\/a><\/h3><div class=\"sep\"><\/div><\/div>\n                        <\/div>\n                                <\/div><!-- galleries -->\n        <\/div><!-- master-portfolio -->\n        \t\t\t\t<\/div>\n\t\t\t\t<\/div>\n\t\t\t\t<div class=\"elementor-element elementor-element-0633d35 elementor-widget elementor-widget-spacer\" data-id=\"0633d35\" data-element_type=\"widget\" data-widget_type=\"spacer.default\">\n\t\t\t\t<div class=\"elementor-widget-container\">\n\t\t\t\t\t\t\t<div class=\"elementor-spacer\">\n\t\t\t<div class=\"elementor-spacer-inner\"><\/div>\n\t\t<\/div>\n\t\t\t\t\t\t<\/div>\n\t\t\t\t<\/div>\n\t\t\t\t\t<\/div>\n\t\t<\/div>\n\t\t\t\t\t<\/div>\n\t\t<\/section>\n\t\t\t\t<\/div>","protected":false},"excerpt":{"rendered":"<p>20D\u00e9c20, d\u00e9cembre Contenu local dans le secteur des hydrocarbures 25Nov25, novembre Oumar Sow, le sens du devoir en h\u00e9ritage 23Oct23, octobre Lancement ECSEN : CSE met sa filiale en orbite pour les exploitations p\u00e9troli\u00e8res et gazi\u00e8res<\/p>","protected":false},"author":1,"featured_media":0,"parent":0,"menu_order":0,"comment_status":"closed","ping_status":"closed","template":"","meta":{"inline_featured_image":false,"footnotes":""},"class_list":["post-1693","page","type-page","status-publish","hentry"],"aioseo_notices":[],"jetpack-related-posts":[],"jetpack_sharing_enabled":true,"_links":{"self":[{"href":"https:\/\/ecsen.sn\/fr\/wp-json\/wp\/v2\/pages\/1693","targetHints":{"allow":["GET"]}}],"collection":[{"href":"https:\/\/ecsen.sn\/fr\/wp-json\/wp\/v2\/pages"}],"about":[{"href":"https:\/\/ecsen.sn\/fr\/wp-json\/wp\/v2\/types\/page"}],"author":[{"embeddable":true,"href":"https:\/\/ecsen.sn\/fr\/wp-json\/wp\/v2\/users\/1"}],"replies":[{"embeddable":true,"href":"https:\/\/ecsen.sn\/fr\/wp-json\/wp\/v2\/comments?post=1693"}],"version-history":[{"count":8,"href":"https:\/\/ecsen.sn\/fr\/wp-json\/wp\/v2\/pages\/1693\/revisions"}],"predecessor-version":[{"id":5493,"href":"https:\/\/ecsen.sn\/fr\/wp-json\/wp\/v2\/pages\/1693\/revisions\/5493"}],"wp:attachment":[{"href":"https:\/\/ecsen.sn\/fr\/wp-json\/wp\/v2\/media?parent=1693"}],"curies":[{"name":"wp","href":"https:\/\/api.w.org\/{rel}","templated":true}]}}